{"id":340,"date":"2025-12-19T11:10:55","date_gmt":"2025-12-19T08:10:55","guid":{"rendered":"https:\/\/degirmentaslari.com\/?page_id=340"},"modified":"2025-12-19T11:10:55","modified_gmt":"2025-12-19T08:10:55","slug":"tahin-degirmeni-taslari-english","status":"publish","type":"page","link":"https:\/\/degirmentaslari.com\/?page_id=340&lang=en","title":{"rendered":"TAH\u0130N DE\u011e\u0130RMEN\u0130 TA\u015eLARI &#8211; English"},"content":{"rendered":"","protected":false},"excerpt":{"rendered":"","protected":false},"author":1,"featured_media":0,"parent":0,"menu_order":0,"comment_status":"closed","ping_status":"closed","template":"","meta":{"footnotes":""},"class_list":["post-340","page","type-page","status-publish","hentry"],"_links":{"self":[{"href":"https:\/\/degirmentaslari.com\/index.php?rest_route=\/wp\/v2\/pages\/340","targetHints":{"allow":["GET"]}}],"collection":[{"href":"https:\/\/degirmentaslari.com\/index.php?rest_route=\/wp\/v2\/pages"}],"about":[{"href":"https:\/\/degirmentaslari.com\/index.php?rest_route=\/wp\/v2\/types\/page"}],"author":[{"embeddable":true,"href":"https:\/\/degirmentaslari.com\/index.php?rest_route=\/wp\/v2\/users\/1"}],"replies":[{"embeddable":true,"href":"https:\/\/degirmentaslari.com\/index.php?rest_route=%2Fwp%2Fv2%2Fcomments&post=340"}],"version-history":[{"count":0,"href":"https:\/\/degirmentaslari.com\/index.php?rest_route=\/wp\/v2\/pages\/340\/revisions"}],"wp:attachment":[{"href":"https:\/\/degirmentaslari.com\/index.php?rest_route=%2Fwp%2Fv2%2Fmedia&parent=340"}],"curies":[{"name":"wp","href":"https:\/\/api.w.org\/{rel}","templated":true}]}}