{"id":127,"date":"2020-05-03T01:10:02","date_gmt":"2020-05-02T22:10:02","guid":{"rendered":"https:\/\/www.degirmentaslari.com\/?page_id=127"},"modified":"2023-01-13T14:55:08","modified_gmt":"2023-01-13T11:55:08","slug":"satilik-degirmen-taslari","status":"publish","type":"page","link":"https:\/\/degirmentaslari.com\/?page_id=127","title":{"rendered":"SATILIK DE\u011e\u0130RMEN TA\u015eLARI"},"content":{"rendered":"\n<p class=\"has-text-align-center\">Do\u011fal de\u011firmen ta\u015flar\u0131, ta\u015f de\u011firmen ta\u015flar\u0131m\u0131z tamamen do\u011fal ta\u015f ocaklar\u0131ndan kesilip, torna ile i\u015flenip tahin, beyaz tahin, bozk\u0131r tahini, \u00e7ifte kavrulmu\u015f tahin, ha\u015fha\u015f, ha\u015fha\u015f ezmesi, susam ezmesi, susam, baharat, leblebi, hardal gibi \u00fcr\u00fcnleri \u00f6\u011f\u00fctmeye haz\u0131r hale getirilir. <\/p>\n\n\n\n<p class=\"has-text-align-center\"><em><strong>De\u011firmen ta\u015flar\u0131 ocaktan kesilir, d\u00f6kme de\u011firmen ta\u015flar\u0131 ile k\u0131yaslamay\u0131n, do\u011fal da\u011fdan kesme ta\u015ft\u0131r. tahin de\u011firmeni, bu\u011fday de\u011firmeni, bulgur de\u011firmeni, baharat de\u011firmeni, ha\u015fha\u015f de\u011firmeni, susam de\u011firmeni gibi \u00e7e\u015fitli \u00f6\u011f\u00fctme i\u015flerinde kullan\u0131l\u0131r. belirli ebatlarda de\u011firmen ta\u015flar\u0131m\u0131z mevcuttur. Resimdeki telefondan bilgi al\u0131n\u0131z. tahinin anavatan\u0131 bozk\u0131rdan do\u011fal de\u011firmen ta\u015flar\u0131.<\/strong><\/em><\/p>\n\n\n<div class=\"wp-block-image\">\n<figure class=\"aligncenter size-large is-resized\"><img loading=\"lazy\" decoding=\"async\" src=\"https:\/\/www.degirmentaslari.com\/wp-content\/uploads\/2023\/01\/zimpara-ve-dogal-degirmen-taslari-10-768x1024.jpeg\" alt=\"kesme de\u011firmen ta\u015flar\u0131, do\u011fal ta\u015f de\u011firmen ta\u015f\u0131\" class=\"wp-image-303\" width=\"399\" height=\"531\" srcset=\"https:\/\/degirmentaslari.com\/wp-content\/uploads\/2023\/01\/zimpara-ve-dogal-degirmen-taslari-10-768x1024.jpeg 768w, https:\/\/degirmentaslari.com\/wp-content\/uploads\/2023\/01\/zimpara-ve-dogal-degirmen-taslari-10-225x300.jpeg 225w, https:\/\/degirmentaslari.com\/wp-content\/uploads\/2023\/01\/zimpara-ve-dogal-degirmen-taslari-10-1152x1536.jpeg 1152w, https:\/\/degirmentaslari.com\/wp-content\/uploads\/2023\/01\/zimpara-ve-dogal-degirmen-taslari-10.jpeg 1200w\" sizes=\"auto, (max-width: 399px) 100vw, 399px\" \/><\/figure>\n<\/div>\n\n<div class=\"wp-block-image\">\n<figure class=\"aligncenter size-large is-resized\"><img decoding=\"async\" src=\"https:\/\/www.degirmentaslari.com\/wp-content\/uploads\/2023\/01\/zimpara-ve-dogal-degirmen-taslari-4-768x1024.jpeg\" alt=\"\" class=\"wp-image-297\" width=\"-891\" height=\"-1187\" srcset=\"https:\/\/degirmentaslari.com\/wp-content\/uploads\/2023\/01\/zimpara-ve-dogal-degirmen-taslari-4-768x1024.jpeg 768w, https:\/\/degirmentaslari.com\/wp-content\/uploads\/2023\/01\/zimpara-ve-dogal-degirmen-taslari-4-225x300.jpeg 225w, https:\/\/degirmentaslari.com\/wp-content\/uploads\/2023\/01\/zimpara-ve-dogal-degirmen-taslari-4-1152x1536.jpeg 1152w, https:\/\/degirmentaslari.com\/wp-content\/uploads\/2023\/01\/zimpara-ve-dogal-degirmen-taslari-4.jpeg 1171w\" sizes=\"(max-width: 706px) 89vw, (max-width: 767px) 82vw, 740px\" \/><figcaption>do\u011fal ta\u015f de\u011firmen ta\u015flar\u0131<\/figcaption><\/figure>\n<\/div>\n\n<div class=\"wp-block-image\">\n<figure class=\"aligncenter size-large\"><img loading=\"lazy\" decoding=\"async\" width=\"400\" height=\"400\" src=\"https:\/\/www.degirmentaslari.com\/wp-content\/uploads\/2022\/10\/degirmen-taslari-2-400x400-1.jpg\" alt=\"\" class=\"wp-image-158\" srcset=\"https:\/\/degirmentaslari.com\/wp-content\/uploads\/2022\/10\/degirmen-taslari-2-400x400-1.jpg 400w, https:\/\/degirmentaslari.com\/wp-content\/uploads\/2022\/10\/degirmen-taslari-2-400x400-1-300x300.jpg 300w, https:\/\/degirmentaslari.com\/wp-content\/uploads\/2022\/10\/degirmen-taslari-2-400x400-1-150x150.jpg 150w\" sizes=\"auto, (max-width: 400px) 100vw, 400px\" \/><figcaption> 120 CM, 110 CM, 105 CM, 100 CM, 80 CM sat\u0131l\u0131k do\u011fal de\u011firmen ta\u015flar\u0131, ebat ve \u00e7ap bilgileri i\u00e7in telefonla bilgi alabilirsiniz.<\/figcaption><\/figure>\n<\/div>\n\n<div class=\"wp-block-image\">\n<figure class=\"aligncenter size-full\"><img loading=\"lazy\" decoding=\"async\" width=\"400\" height=\"400\" src=\"https:\/\/www.degirmentaslari.com\/wp-content\/uploads\/2022\/10\/degirmen-taslari-400x400-2.jpg\" alt=\"\" class=\"wp-image-160\" srcset=\"https:\/\/degirmentaslari.com\/wp-content\/uploads\/2022\/10\/degirmen-taslari-400x400-2.jpg 400w, https:\/\/degirmentaslari.com\/wp-content\/uploads\/2022\/10\/degirmen-taslari-400x400-2-300x300.jpg 300w, https:\/\/degirmentaslari.com\/wp-content\/uploads\/2022\/10\/degirmen-taslari-400x400-2-150x150.jpg 150w\" sizes=\"auto, (max-width: 400px) 100vw, 400px\" \/><figcaption>DO\u011eAL TAH\u0130N DE\u011e\u0130RMEN TA\u015eLARI<\/figcaption><\/figure>\n<\/div>\n\n<div class=\"wp-block-image\">\n<figure class=\"aligncenter size-full is-resized\"><img loading=\"lazy\" decoding=\"async\" src=\"https:\/\/www.degirmentaslari.com\/wp-content\/uploads\/2022\/10\/WhatsApp-Image-2022-10-04-at-11.44.06-1.jpeg\" alt=\"\" class=\"wp-image-246\" width=\"406\" height=\"304\" srcset=\"https:\/\/degirmentaslari.com\/wp-content\/uploads\/2022\/10\/WhatsApp-Image-2022-10-04-at-11.44.06-1.jpeg 900w, https:\/\/degirmentaslari.com\/wp-content\/uploads\/2022\/10\/WhatsApp-Image-2022-10-04-at-11.44.06-1-300x225.jpeg 300w, https:\/\/degirmentaslari.com\/wp-content\/uploads\/2022\/10\/WhatsApp-Image-2022-10-04-at-11.44.06-1-768x576.jpeg 768w\" sizes=\"auto, (max-width: 406px) 100vw, 406px\" \/><figcaption>120 CM, 110 CM, 105 CM, 100 CM, 80 CM, Tamamen do\u011fal ko\u015fullarda olu\u015fan g\u00f6zenekli ve g\u00f6zeneksiz ta\u015flar\u0131 istenilen \u00f6l\u00e7\u00fclerde keserek sat\u0131\u015fa sunuyoruz. Bulgur de\u011firmeni, un de\u011firmeni, tahin de\u011firmeni ve daha bir \u00e7ok \u00fcr\u00fcn i\u015flemek i\u00e7in de\u011firmen \u00fcretiyoruz.Sat\u0131l\u0131k olan bu do\u011fal de\u011firmen ta\u015flar\u0131, ebat ve \u00e7ap bilgileri i\u00e7in telefonla bilgi alabilirsiniz.de\u011firmen ta\u015flar\u0131 ocaktan kesilir, d\u00f6kme de\u011firmen ta\u015flar\u0131 ile k\u0131yaslamay\u0131n, do\u011fal da\u011fdan kesme ta\u015ft\u0131r. tahin de\u011firmeni, bu\u011fday de\u011firmeni, bulgur de\u011firmeni, baharat de\u011firmeni, ha\u015fha\u015f de\u011firmeni, susam de\u011firmeni gibi \u00e7e\u015fitli \u00f6\u011f\u00fctme i\u015flerinde kullan\u0131l\u0131r.belirli ebatlarda de\u011firmen ta\u015flar\u0131m\u0131z mevcuttur.resimdeki telefondan bilgi al\u0131n\u0131z. tahinin anavatan\u0131 bozk\u0131rdan do\u011fal de\u011firmen ta\u015flar\u0131.<br>ikinci el de\u011firmen makinalar\u0131da bulunur.bulgur susam ha\u015fha\u015f ele\u011fi gibi, \u00e7\u0131kma malzemeler zaman zaman elimizde bulunur ikinci el de\u011firmen i\u00e7in bilgi al\u0131n\u0131z.<\/figcaption><\/figure>\n<\/div>","protected":false},"excerpt":{"rendered":"<p>Do\u011fal de\u011firmen ta\u015flar\u0131, ta\u015f de\u011firmen ta\u015flar\u0131m\u0131z tamamen do\u011fal ta\u015f ocaklar\u0131ndan kesilip, torna ile i\u015flenip tahin, beyaz tahin, bozk\u0131r tahini, \u00e7ifte kavrulmu\u015f tahin, ha\u015fha\u015f, ha\u015fha\u015f ezmesi, susam ezmesi, susam, baharat, leblebi, hardal gibi \u00fcr\u00fcnleri \u00f6\u011f\u00fctmeye haz\u0131r hale getirilir. De\u011firmen ta\u015flar\u0131 ocaktan kesilir, d\u00f6kme de\u011firmen ta\u015flar\u0131 ile k\u0131yaslamay\u0131n, do\u011fal da\u011fdan kesme ta\u015ft\u0131r. tahin de\u011firmeni, bu\u011fday de\u011firmeni, bulgur &hellip; <\/p>\n<p class=\"link-more\"><a href=\"https:\/\/degirmentaslari.com\/?page_id=127\" class=\"more-link\">Okumaya devam et<span class=\"screen-reader-text\"> &#8220;SATILIK DE\u011e\u0130RMEN TA\u015eLARI&#8221;<\/span><\/a><\/p>\n","protected":false},"author":1,"featured_media":0,"parent":0,"menu_order":0,"comment_status":"closed","ping_status":"closed","template":"","meta":{"footnotes":""},"class_list":["post-127","page","type-page","status-publish","hentry"],"_links":{"self":[{"href":"https:\/\/degirmentaslari.com\/index.php?rest_route=\/wp\/v2\/pages\/127","targetHints":{"allow":["GET"]}}],"collection":[{"href":"https:\/\/degirmentaslari.com\/index.php?rest_route=\/wp\/v2\/pages"}],"about":[{"href":"https:\/\/degirmentaslari.com\/index.php?rest_route=\/wp\/v2\/types\/page"}],"author":[{"embeddable":true,"href":"https:\/\/degirmentaslari.com\/index.php?rest_route=\/wp\/v2\/users\/1"}],"replies":[{"embeddable":true,"href":"https:\/\/degirmentaslari.com\/index.php?rest_route=%2Fwp%2Fv2%2Fcomments&post=127"}],"version-history":[{"count":17,"href":"https:\/\/degirmentaslari.com\/index.php?rest_route=\/wp\/v2\/pages\/127\/revisions"}],"predecessor-version":[{"id":308,"href":"https:\/\/degirmentaslari.com\/index.php?rest_route=\/wp\/v2\/pages\/127\/revisions\/308"}],"wp:attachment":[{"href":"https:\/\/degirmentaslari.com\/index.php?rest_route=%2Fwp%2Fv2%2Fmedia&parent=127"}],"curies":[{"name":"wp","href":"https:\/\/api.w.org\/{rel}","templated":true}]}}